{"id":46,"date":"2025-11-13T12:26:08","date_gmt":"2025-11-13T11:26:08","guid":{"rendered":"https:\/\/seiden-grohn.mpape\/?page_id=46"},"modified":"2025-11-13T12:54:09","modified_gmt":"2025-11-13T11:54:09","slug":"ueber-uns","status":"publish","type":"page","link":"https:\/\/www.seiden-grohn.de\/?page_id=46","title":{"rendered":"\u00dcber uns"},"content":{"rendered":"\t\t<div data-elementor-type=\"wp-page\" data-elementor-id=\"46\" class=\"elementor elementor-46\">\n\t\t\t\t<div class=\"elementor-element elementor-element-eb39e1a e-flex e-con-boxed e-con e-parent\" data-id=\"eb39e1a\" data-element_type=\"container\" data-e-type=\"container\">\n\t\t\t\t\t<div class=\"e-con-inner\">\n\t\t\t\t<div class=\"elementor-element elementor-element-44883c7 elementor-widget elementor-widget-text-editor\" data-id=\"44883c7\" data-element_type=\"widget\" data-e-type=\"widget\" data-widget_type=\"text-editor.default\">\n\t\t\t\t\t\t\t\t\t<p style=\"margin-bottom: 10px; color: rgb(161, 166, 171); font-family: &quot;Open Sans&quot;, &quot;Helvetica Neue&quot;, Helvetica, Arial, sans-serif; font-size: 12px; font-style: normal; font-variant-ligatures: normal; font-variant-caps: normal; font-weight: 400;\">Wir sind ein mittelst\u00e4ndisches Unternehmen, das auf eine 60-j\u00e4hrige Geschichte zur\u00fcckblickt.<\/p><p style=\"margin-bottom: 10px; color: rgb(161, 166, 171); font-family: &quot;Open Sans&quot;, &quot;Helvetica Neue&quot;, Helvetica, Arial, sans-serif; font-size: 12px; font-style: normal; font-variant-ligatures: normal; font-variant-caps: normal; font-weight: 400;\">Aus den Nachkriegswirren wuchs unsere Firma&nbsp; schnell zu einem der bedeutendsten Lieferanten f\u00fcr Accessoires in Deutschland. Wir beliefern seither die bekanntesten Konzerne und Filialisten, Mode- und Kaufh\u00e4user, Marken und Boutiquen in Mitteleuropa.&nbsp;&nbsp; Man kennt und sch\u00e4tzt uns als innovatives, hochmodisches und dauerhaft zuverl\u00e4ssiges Entwicklungs- und Produktionsunternehmen mit eigenem Style.<br>In den Statistiken unserer Kunden findet man uns und unsere Artikel permanent auf Spitzenpositionen in Sachen Abverkauf und Kalkulation.&nbsp; Die st\u00e4ndige Suche nach neuen Themen und die&nbsp; enge vertrauensvolle Zusammenarbeit mit unseren Partnern machen unsere Kollektionen so erfolgreich. &nbsp;<\/p><p style=\"margin-bottom: 10px; color: rgb(161, 166, 171); font-family: &quot;Open Sans&quot;, &quot;Helvetica Neue&quot;, Helvetica, Arial, sans-serif; font-size: 12px; font-style: normal; font-variant-ligatures: normal; font-variant-caps: normal; font-weight: 400;\">Von unserem Stammsitz in Isernhagen bei&nbsp; Hannover lassen wir heute diesen Erfolg mit der&nbsp; im Jahr 2007 deutlich verj\u00fcngten F\u00fchrung und&nbsp; einem dynamischen Team von 30 Mitarbeitern in unsere Eigenmarken SAMAYA und SAMAYAMAN m\u00fcnden und f\u00fchren diese mit dem ebenfalls neuen Young-Style-Label Hable+Rospy schrittweise in den Markt ein. Wir sind so in der Lage, Zielgruppen jeden Alters anzusprechen.&nbsp;&nbsp; Unsere, den Anspr\u00fcchen des Konsumenten angepasste, moderne Denkweise f\u00fchrt uns zu neuen M\u00e4rkten in ganz Europa und damit einem erfreulichen starken Wachstum.<\/p><p style=\"margin-bottom: 10px; color: rgb(161, 166, 171); font-family: &quot;Open Sans&quot;, &quot;Helvetica Neue&quot;, Helvetica, Arial, sans-serif; font-size: 12px; font-style: normal; font-variant-ligatures: normal; font-variant-caps: normal; font-weight: 400;\">Wir hoffen, Ihre Neugier ein wenig geweckt&nbsp; zu haben und w\u00fcrden uns sehr freuen,&nbsp; Sie bald kennen zu lernen, um auch&nbsp; Ihnen unsere Kollektionen vorstellen&nbsp; zu d\u00fcrfen.<\/p><p style=\"margin-bottom: 10px; color: rgb(161, 166, 171); font-family: &quot;Open Sans&quot;, &quot;Helvetica Neue&quot;, Helvetica, Arial, sans-serif; font-size: 12px; font-style: normal; font-variant-ligatures: normal; font-variant-caps: normal; font-weight: 400;\">Ihr Seiden-Grohn Accessoires Team<\/p>\t\t\t\t\t\t\t\t<\/div>\n\t\t\t\t\t<\/div>\n\t\t\t\t<\/div>\n\t\t\t\t<\/div>\n\t\t","protected":false},"excerpt":{"rendered":"<p>Wir sind ein mittelst\u00e4ndisches Unternehmen, das auf eine 60-j\u00e4hrige Geschichte zur\u00fcckblickt. Aus den Nachkriegswirren wuchs unsere Firma&nbsp; schnell zu einem der bedeutendsten Lieferanten f\u00fcr Accessoires in Deutschland. Wir beliefern seither die bekanntesten Konzerne und Filialisten, Mode- und Kaufh\u00e4user, Marken und Boutiquen in Mitteleuropa.&nbsp;&nbsp; Man kennt und sch\u00e4tzt uns als innovatives, hochmodisches und dauerhaft zuverl\u00e4ssiges Entwicklungs- [&hellip;]<\/p>\n","protected":false},"author":1,"featured_media":0,"parent":0,"menu_order":0,"comment_status":"closed","ping_status":"closed","template":"elementor_header_footer","meta":{"footnotes":""},"class_list":["post-46","page","type-page","status-publish","hentry","entry"],"_links":{"self":[{"href":"https:\/\/www.seiden-grohn.de\/index.php?rest_route=\/wp\/v2\/pages\/46","targetHints":{"allow":["GET"]}}],"collection":[{"href":"https:\/\/www.seiden-grohn.de\/index.php?rest_route=\/wp\/v2\/pages"}],"about":[{"href":"https:\/\/www.seiden-grohn.de\/index.php?rest_route=\/wp\/v2\/types\/page"}],"author":[{"embeddable":true,"href":"https:\/\/www.seiden-grohn.de\/index.php?rest_route=\/wp\/v2\/users\/1"}],"replies":[{"embeddable":true,"href":"https:\/\/www.seiden-grohn.de\/index.php?rest_route=%2Fwp%2Fv2%2Fcomments&post=46"}],"version-history":[{"count":10,"href":"https:\/\/www.seiden-grohn.de\/index.php?rest_route=\/wp\/v2\/pages\/46\/revisions"}],"predecessor-version":[{"id":93,"href":"https:\/\/www.seiden-grohn.de\/index.php?rest_route=\/wp\/v2\/pages\/46\/revisions\/93"}],"wp:attachment":[{"href":"https:\/\/www.seiden-grohn.de\/index.php?rest_route=%2Fwp%2Fv2%2Fmedia&parent=46"}],"curies":[{"name":"wp","href":"https:\/\/api.w.org\/{rel}","templated":true}]}}