{"id":3,"date":"2025-10-25T07:48:02","date_gmt":"2025-10-25T05:48:02","guid":{"rendered":"https:\/\/seiden-grohn.mpape\/?page_id=3"},"modified":"2025-11-13T12:54:21","modified_gmt":"2025-11-13T11:54:21","slug":"datenschutzerklaerung","status":"publish","type":"page","link":"https:\/\/www.seiden-grohn.de\/?page_id=3","title":{"rendered":"Datenschutz"},"content":{"rendered":"\t\t<div data-elementor-type=\"wp-page\" data-elementor-id=\"3\" class=\"elementor elementor-3\">\n\t\t\t\t<div class=\"elementor-element elementor-element-677ac164 e-flex e-con-boxed e-con e-parent\" data-id=\"677ac164\" data-element_type=\"container\" data-e-type=\"container\">\n\t\t\t\t\t<div class=\"e-con-inner\">\n\t\t\t\t<div class=\"elementor-element elementor-element-117cbcbd elementor-widget elementor-widget-text-editor\" data-id=\"117cbcbd\" data-element_type=\"widget\" data-e-type=\"widget\" data-widget_type=\"text-editor.default\">\n\t\t\t\t\t\t\t\t\t<p style=\"margin-bottom: 10px; color: rgb(161, 166, 171); font-family: &quot;Open Sans&quot;, &quot;Helvetica Neue&quot;, Helvetica, Arial, sans-serif; font-size: 12px; font-style: normal; font-variant-ligatures: normal; font-variant-caps: normal; font-weight: 400;\">Die folgenden Hinweise geben einen einfachen \u00dcberblick dar\u00fcber, was mit Ihren personenbezogenen Daten passiert, wenn Sie unsere Website besuchen. Personenbezogene Daten sind alle Daten, mit denen Sie pers\u00f6nlich identifiziert werden k\u00f6nnen. Ausf\u00fchrliche Informationen zum Thema Datenschutz entnehmen Sie unserer unter diesem Text aufgef\u00fchrten Datenschutzerkl\u00e4rung.<\/p><p style=\"margin-bottom: 10px; color: rgb(161, 166, 171); font-family: &quot;Open Sans&quot;, &quot;Helvetica Neue&quot;, Helvetica, Arial, sans-serif; font-size: 12px; font-style: normal; font-variant-ligatures: normal; font-variant-caps: normal; font-weight: 400;\"><strong style=\"color: rgb(34, 34, 34);\">Datenerfassung auf unserer Website<\/strong><\/p><p style=\"margin-bottom: 10px; color: rgb(161, 166, 171); font-family: &quot;Open Sans&quot;, &quot;Helvetica Neue&quot;, Helvetica, Arial, sans-serif; font-size: 12px; font-style: normal; font-variant-ligatures: normal; font-variant-caps: normal; font-weight: 400;\"><strong style=\"color: rgb(34, 34, 34);\">Wer ist verantwortlich f\u00fcr die Datenerfassung auf dieser Website?<\/strong><\/p><p style=\"margin-bottom: 10px; color: rgb(161, 166, 171); font-family: &quot;Open Sans&quot;, &quot;Helvetica Neue&quot;, Helvetica, Arial, sans-serif; font-size: 12px; font-style: normal; font-variant-ligatures: normal; font-variant-caps: normal; font-weight: 400;\">Die Datenverarbeitung auf dieser Website erfolgt durch den Websitebetreiber. Dessen Kontaktdaten k\u00f6nnen Sie dem Impressum dieser Website entnehmen.<\/p><p style=\"margin-bottom: 10px; color: rgb(161, 166, 171); font-family: &quot;Open Sans&quot;, &quot;Helvetica Neue&quot;, Helvetica, Arial, sans-serif; font-size: 12px; font-style: normal; font-variant-ligatures: normal; font-variant-caps: normal; font-weight: 400;\"><strong style=\"color: rgb(34, 34, 34);\">Wie erfassen wir Ihre Daten?<\/strong><\/p><p style=\"margin-bottom: 10px; color: rgb(161, 166, 171); font-family: &quot;Open Sans&quot;, &quot;Helvetica Neue&quot;, Helvetica, Arial, sans-serif; font-size: 12px; font-style: normal; font-variant-ligatures: normal; font-variant-caps: normal; font-weight: 400;\">Ihre Daten werden zum einen dadurch erhoben, dass Sie uns diese mitteilen. Hierbei kann es sich z.B. um Daten handeln, die Sie in ein Kontaktformular eingeben.<\/p><p style=\"margin-bottom: 10px; color: rgb(161, 166, 171); font-family: &quot;Open Sans&quot;, &quot;Helvetica Neue&quot;, Helvetica, Arial, sans-serif; font-size: 12px; font-style: normal; font-variant-ligatures: normal; font-variant-caps: normal; font-weight: 400;\">Andere Daten werden automatisch beim Besuch der Website durch unsere IT-Systeme erfasst. Das sind vor allem technische Daten (z.B. Internetbrowser, Betriebssystem oder Uhrzeit des Seitenaufrufs). Die Erfassung dieser Daten erfolgt automatisch, sobald Sie unsere Website betreten.<\/p><p style=\"margin-bottom: 10px; color: rgb(161, 166, 171); font-family: &quot;Open Sans&quot;, &quot;Helvetica Neue&quot;, Helvetica, Arial, sans-serif; font-size: 12px; font-style: normal; font-variant-ligatures: normal; font-variant-caps: normal; font-weight: 400;\"><strong style=\"color: rgb(34, 34, 34);\">Wof\u00fcr nutzen wir Ihre Daten?<\/strong><\/p><p style=\"margin-bottom: 10px; color: rgb(161, 166, 171); font-family: &quot;Open Sans&quot;, &quot;Helvetica Neue&quot;, Helvetica, Arial, sans-serif; font-size: 12px; font-style: normal; font-variant-ligatures: normal; font-variant-caps: normal; font-weight: 400;\">Ein Teil der Daten wird erhoben, um eine fehlerfreie Bereitstellung der Website zu gew\u00e4hrleisten. Andere Daten k\u00f6nnen zur Analyse Ihres Nutzerverhaltens verwendet werden.<\/p><p style=\"margin-bottom: 10px; color: rgb(161, 166, 171); font-family: &quot;Open Sans&quot;, &quot;Helvetica Neue&quot;, Helvetica, Arial, sans-serif; font-size: 12px; font-style: normal; font-variant-ligatures: normal; font-variant-caps: normal; font-weight: 400;\"><strong style=\"color: rgb(34, 34, 34);\">Welche Rechte haben Sie bez\u00fcglich Ihrer Daten?<\/strong><\/p><p style=\"margin-bottom: 10px; color: rgb(161, 166, 171); font-family: &quot;Open Sans&quot;, &quot;Helvetica Neue&quot;, Helvetica, Arial, sans-serif; font-size: 12px; font-style: normal; font-variant-ligatures: normal; font-variant-caps: normal; font-weight: 400;\">Sie haben jederzeit das Recht unentgeltlich Auskunft \u00fcber Herkunft, Empf\u00e4nger und Zweck Ihrer gespeicherten personenbezogenen Daten zu erhalten. Sie haben au\u00dferdem ein Recht, die Berichtigung, Sperrung oder L\u00f6schung dieser Daten zu verlangen. Hierzu sowie zu weiteren Fragen zum Thema Datenschutz k\u00f6nnen Sie sich jederzeit unter der im Impressum angegebenen Adresse an uns wenden. Des Weiteren steht Ihnen ein Beschwerderecht bei der zust\u00e4ndigen Aufsichtsbeh\u00f6rde zu.<\/p><p style=\"margin-bottom: 10px; color: rgb(161, 166, 171); font-family: &quot;Open Sans&quot;, &quot;Helvetica Neue&quot;, Helvetica, Arial, sans-serif; font-size: 12px; font-style: normal; font-variant-ligatures: normal; font-variant-caps: normal; font-weight: 400;\"><strong style=\"color: rgb(34, 34, 34);\">2. Allgemeine Hinweise und Pflichtinformationen<\/strong><\/p><p style=\"margin-bottom: 10px; color: rgb(161, 166, 171); font-family: &quot;Open Sans&quot;, &quot;Helvetica Neue&quot;, Helvetica, Arial, sans-serif; font-size: 12px; font-style: normal; font-variant-ligatures: normal; font-variant-caps: normal; font-weight: 400;\"><strong style=\"color: rgb(34, 34, 34);\">Datenschutz<\/strong><\/p><p style=\"margin-bottom: 10px; color: rgb(161, 166, 171); font-family: &quot;Open Sans&quot;, &quot;Helvetica Neue&quot;, Helvetica, Arial, sans-serif; font-size: 12px; font-style: normal; font-variant-ligatures: normal; font-variant-caps: normal; font-weight: 400;\">Die Betreiber dieser Seiten nehmen den Schutz Ihrer pers\u00f6nlichen Daten sehr ernst. Wir behandeln Ihre personenbezogenen Daten vertraulich und entsprechend der gesetzlichen Datenschutzvorschriften sowie dieser Datenschutzerkl\u00e4rung.<\/p><p style=\"margin-bottom: 10px; color: rgb(161, 166, 171); font-family: &quot;Open Sans&quot;, &quot;Helvetica Neue&quot;, Helvetica, Arial, sans-serif; font-size: 12px; font-style: normal; font-variant-ligatures: normal; font-variant-caps: normal; font-weight: 400;\">Wenn Sie diese Website benutzen, werden verschiedene personenbezogene Daten erhoben. Personenbezogene Daten sind Daten, mit denen Sie pers\u00f6nlich identifiziert werden k\u00f6nnen. Die vorliegende Datenschutzerkl\u00e4rung erl\u00e4utert, welche Daten wir erheben und wof\u00fcr wir sie nutzen. Sie erl\u00e4utert auch, wie und zu welchem Zweck das geschieht.<\/p><p style=\"margin-bottom: 10px; color: rgb(161, 166, 171); font-family: &quot;Open Sans&quot;, &quot;Helvetica Neue&quot;, Helvetica, Arial, sans-serif; font-size: 12px; font-style: normal; font-variant-ligatures: normal; font-variant-caps: normal; font-weight: 400;\">Wir weisen darauf hin, dass die Daten\u00fcbertragung im Internet (z.B. bei der Kommunikation per E-Mail) Sicherheitsl\u00fccken aufweisen kann. Ein l\u00fcckenloser Schutz der Daten vor dem Zugriff durch Dritte ist nicht m\u00f6glich.<\/p><p style=\"margin-bottom: 10px; color: rgb(161, 166, 171); font-family: &quot;Open Sans&quot;, &quot;Helvetica Neue&quot;, Helvetica, Arial, sans-serif; font-size: 12px; font-style: normal; font-variant-ligatures: normal; font-variant-caps: normal; font-weight: 400;\"><strong style=\"color: rgb(34, 34, 34);\">Hinweis zur verantwortlichen Stelle<\/strong><\/p><p style=\"margin-bottom: 10px; color: rgb(161, 166, 171); font-family: &quot;Open Sans&quot;, &quot;Helvetica Neue&quot;, Helvetica, Arial, sans-serif; font-size: 12px; font-style: normal; font-variant-ligatures: normal; font-variant-caps: normal; font-weight: 400;\">Die verantwortliche Stelle f\u00fcr die Datenverarbeitung auf dieser Website ist:<\/p><p style=\"margin-bottom: 10px; color: rgb(161, 166, 171); font-family: &quot;Open Sans&quot;, &quot;Helvetica Neue&quot;, Helvetica, Arial, sans-serif; font-size: 12px; font-style: normal; font-variant-ligatures: normal; font-variant-caps: normal; font-weight: 400;\">Seiden Grohn Accessoires GmbH &amp; Co. KG<\/p><p style=\"margin-bottom: 10px; color: rgb(161, 166, 171); font-family: &quot;Open Sans&quot;, &quot;Helvetica Neue&quot;, Helvetica, Arial, sans-serif; font-size: 12px; font-style: normal; font-variant-ligatures: normal; font-variant-caps: normal; font-weight: 400;\">Opelstra\u00dfe 14<\/p><p style=\"margin-bottom: 10px; color: rgb(161, 166, 171); font-family: &quot;Open Sans&quot;, &quot;Helvetica Neue&quot;, Helvetica, Arial, sans-serif; font-size: 12px; font-style: normal; font-variant-ligatures: normal; font-variant-caps: normal; font-weight: 400;\">30916 Isernhagen<\/p><p style=\"margin-bottom: 10px; color: rgb(161, 166, 171); font-family: &quot;Open Sans&quot;, &quot;Helvetica Neue&quot;, Helvetica, Arial, sans-serif; font-size: 12px; font-style: normal; font-variant-ligatures: normal; font-variant-caps: normal; font-weight: 400;\">Verantwortlich nach \u00a7 6 Abs.2 MDStV<\/p><p style=\"margin-bottom: 10px; color: rgb(161, 166, 171); font-family: &quot;Open Sans&quot;, &quot;Helvetica Neue&quot;, Helvetica, Arial, sans-serif; font-size: 12px; font-style: normal; font-variant-ligatures: normal; font-variant-caps: normal; font-weight: 400;\">Safak Hartmann<\/p><p style=\"margin-bottom: 10px; color: rgb(161, 166, 171); font-family: &quot;Open Sans&quot;, &quot;Helvetica Neue&quot;, Helvetica, Arial, sans-serif; font-size: 12px; font-style: normal; font-variant-ligatures: normal; font-variant-caps: normal; font-weight: 400;\">Telefon: 0511 \u2013 6960360<br><br>E-Mail:&nbsp;<a href=\"https:\/\/web.archive.org\/web\/20240221184525\/mailto:info@seiden-grohn.de\" style=\"color: rgb(29, 29, 27); outline-style: none !important;\">info@seiden-grohn.de<\/a><br><br>E-Mail des Datenschutzbeauftragten:&nbsp;<a href=\"https:\/\/web.archive.org\/web\/20240221184525\/mailto:datenschutzbeauftragter@seiden-grohn.de\" style=\"color: rgb(29, 29, 27); outline-style: none !important;\">datenschutzbeauftragter@seiden-grohn.de<\/a><\/p><p style=\"margin-bottom: 10px; color: rgb(161, 166, 171); font-family: &quot;Open Sans&quot;, &quot;Helvetica Neue&quot;, Helvetica, Arial, sans-serif; font-size: 12px; font-style: normal; font-variant-ligatures: normal; font-variant-caps: normal; font-weight: 400;\"><strong style=\"color: rgb(34, 34, 34);\">Widerruf Ihrer Einwilligung zur Datenverarbeitung<\/strong><\/p><p style=\"margin-bottom: 10px; color: rgb(161, 166, 171); font-family: &quot;Open Sans&quot;, &quot;Helvetica Neue&quot;, Helvetica, Arial, sans-serif; font-size: 12px; font-style: normal; font-variant-ligatures: normal; font-variant-caps: normal; font-weight: 400;\">Viele Datenverarbeitungsvorg\u00e4nge sind nur mit Ihrer ausdr\u00fccklichen Einwilligung m\u00f6glich. Sie k\u00f6nnen eine bereits erteilte Einwilligung jederzeit widerrufen. Dazu reicht eine formlose Mitteilung per E-Mail an uns. Die Rechtm\u00e4\u00dfigkeit der bis zum Widerruf erfolgten Datenverarbeitung bleibt vom Widerruf unber\u00fchrt.<\/p><p style=\"margin-bottom: 10px; color: rgb(161, 166, 171); font-family: &quot;Open Sans&quot;, &quot;Helvetica Neue&quot;, Helvetica, Arial, sans-serif; font-size: 12px; font-style: normal; font-variant-ligatures: normal; font-variant-caps: normal; font-weight: 400;\"><strong style=\"color: rgb(34, 34, 34);\">Beschwerderecht bei der zust\u00e4ndigen Aufsichtsbeh\u00f6rde<\/strong><\/p><p style=\"margin-bottom: 10px; color: rgb(161, 166, 171); font-family: &quot;Open Sans&quot;, &quot;Helvetica Neue&quot;, Helvetica, Arial, sans-serif; font-size: 12px; font-style: normal; font-variant-ligatures: normal; font-variant-caps: normal; font-weight: 400;\">Im Falle datenschutzrechtlicher Verst\u00f6\u00dfe steht dem Betroffenen ein Beschwerderecht bei der zust\u00e4ndigen Aufsichtsbeh\u00f6rde zu. Zust\u00e4ndige Aufsichtsbeh\u00f6rde in datenschutzrechtlichen Fragen ist der Landesdatenschutzbeauftragte des Bundeslandes, in dem unser Unternehmen seinen Sitz hat. Eine Liste der Datenschutzbeauftragten sowie deren Kontaktdaten k\u00f6nnen folgendem Link entnommen werden:&nbsp;<a href=\"https:\/\/web.archive.org\/web\/20240221184525\/https:\/\/www.bfdi.bund.de\/DE\/Infothek\/Anschriften_Links\/anschriften_links-node.html\" target=\"_blank\" style=\"color: rgb(29, 29, 27); outline-style: none !important;\">https:\/\/www.bfdi.bund.de\/DE\/Infothek\/Anschriften_Links\/anschriften_links-node.html<\/a>.<\/p><p style=\"margin-bottom: 10px; color: rgb(161, 166, 171); font-family: &quot;Open Sans&quot;, &quot;Helvetica Neue&quot;, Helvetica, Arial, sans-serif; font-size: 12px; font-style: normal; font-variant-ligatures: normal; font-variant-caps: normal; font-weight: 400;\"><strong style=\"color: rgb(34, 34, 34);\">Recht auf Daten\u00fcbertragbarkeit<\/strong><\/p><p style=\"margin-bottom: 10px; color: rgb(161, 166, 171); font-family: &quot;Open Sans&quot;, &quot;Helvetica Neue&quot;, Helvetica, Arial, sans-serif; font-size: 12px; font-style: normal; font-variant-ligatures: normal; font-variant-caps: normal; font-weight: 400;\">Sie haben das Recht, Daten, die wir auf Grundlage Ihrer Einwilligung oder in Erf\u00fcllung eines Vertrags automatisiert verarbeiten, an sich oder an einen Dritten in einem g\u00e4ngigen, maschinenlesbaren Format aush\u00e4ndigen zu lassen. Sofern Sie die direkte \u00dcbertragung der Daten an einen anderen Verantwortlichen verlangen, erfolgt dies nur, soweit es technisch machbar ist.<\/p><p style=\"margin-bottom: 10px; color: rgb(161, 166, 171); font-family: &quot;Open Sans&quot;, &quot;Helvetica Neue&quot;, Helvetica, Arial, sans-serif; font-size: 12px; font-style: normal; font-variant-ligatures: normal; font-variant-caps: normal; font-weight: 400;\"><strong style=\"color: rgb(34, 34, 34);\">Auskunft, Sperrung, L\u00f6schung<\/strong><\/p><p style=\"margin-bottom: 10px; color: rgb(161, 166, 171); font-family: &quot;Open Sans&quot;, &quot;Helvetica Neue&quot;, Helvetica, Arial, sans-serif; font-size: 12px; font-style: normal; font-variant-ligatures: normal; font-variant-caps: normal; font-weight: 400;\">Sie haben im Rahmen der geltenden gesetzlichen Bestimmungen jederzeit das Recht auf unentgeltliche Auskunft \u00fcber Ihre gespeicherten personenbezogenen Daten, deren Herkunft und Empf\u00e4nger und den Zweck der Datenverarbeitung und ggf. ein Recht auf Berichtigung, Sperrung oder L\u00f6schung dieser Daten. Hierzu sowie zu weiteren Fragen zum Thema personenbezogene Daten k\u00f6nnen Sie sich jederzeit unter der im Impressum angegebenen Adresse an uns wenden.<\/p><p style=\"margin-bottom: 10px; color: rgb(161, 166, 171); font-family: &quot;Open Sans&quot;, &quot;Helvetica Neue&quot;, Helvetica, Arial, sans-serif; font-size: 12px; font-style: normal; font-variant-ligatures: normal; font-variant-caps: normal; font-weight: 400;\"><strong style=\"color: rgb(34, 34, 34);\">Widerspruch gegen Werbe-Mails<\/strong><\/p><p style=\"margin-bottom: 10px; color: rgb(161, 166, 171); font-family: &quot;Open Sans&quot;, &quot;Helvetica Neue&quot;, Helvetica, Arial, sans-serif; font-size: 12px; font-style: normal; font-variant-ligatures: normal; font-variant-caps: normal; font-weight: 400;\">Der Nutzung von im Rahmen der Impressumspflicht ver\u00f6ffentlichten Kontaktdaten zur \u00dcbersendung von nicht ausdr\u00fccklich angeforderter Werbung und Informationsmaterialien wird hiermit widersprochen. Die Betreiber der Seiten behalten sich ausdr\u00fccklich rechtliche Schritte im Falle der unverlangten Zusendung von Werbeinformationen, etwa durch Spam-E-Mails, vor.<\/p><p style=\"margin-bottom: 10px; color: rgb(161, 166, 171); font-family: &quot;Open Sans&quot;, &quot;Helvetica Neue&quot;, Helvetica, Arial, sans-serif; font-size: 12px; font-style: normal; font-variant-ligatures: normal; font-variant-caps: normal; font-weight: 400;\"><strong style=\"color: rgb(34, 34, 34);\">3. Datenerfassung auf unserer Website<\/strong><\/p><p style=\"margin-bottom: 10px; color: rgb(161, 166, 171); font-family: &quot;Open Sans&quot;, &quot;Helvetica Neue&quot;, Helvetica, Arial, sans-serif; font-size: 12px; font-style: normal; font-variant-ligatures: normal; font-variant-caps: normal; font-weight: 400;\"><strong style=\"color: rgb(34, 34, 34);\">Cookies<\/strong><\/p><p style=\"margin-bottom: 10px; color: rgb(161, 166, 171); font-family: &quot;Open Sans&quot;, &quot;Helvetica Neue&quot;, Helvetica, Arial, sans-serif; font-size: 12px; font-style: normal; font-variant-ligatures: normal; font-variant-caps: normal; font-weight: 400;\">Die Internetseiten verwenden teilweise so genannte Cookies. Cookies richten auf Ihrem Rechner keinen Schaden an und enthalten keine Viren. Cookies dienen dazu, unser Angebot nutzerfreundlicher, effektiver und sicherer zu machen. Cookies sind kleine Textdateien, die auf Ihrem Rechner abgelegt werden und die Ihr Browser speichert.<\/p><p style=\"margin-bottom: 10px; color: rgb(161, 166, 171); font-family: &quot;Open Sans&quot;, &quot;Helvetica Neue&quot;, Helvetica, Arial, sans-serif; font-size: 12px; font-style: normal; font-variant-ligatures: normal; font-variant-caps: normal; font-weight: 400;\">Die meisten der von uns verwendeten Cookies sind so genannte \u201cSession-Cookies\u201d. Sie werden nach Ende Ihres Besuchs automatisch gel\u00f6scht. Andere Cookies bleiben auf Ihrem Endger\u00e4t gespeichert bis Sie diese l\u00f6schen. Diese Cookies erm\u00f6glichen es uns, Ihren Browser beim n\u00e4chsten Besuch wiederzuerkennen.<\/p><p style=\"margin-bottom: 10px; color: rgb(161, 166, 171); font-family: &quot;Open Sans&quot;, &quot;Helvetica Neue&quot;, Helvetica, Arial, sans-serif; font-size: 12px; font-style: normal; font-variant-ligatures: normal; font-variant-caps: normal; font-weight: 400;\">Sie k\u00f6nnen Ihren Browser so einstellen, dass Sie \u00fcber das Setzen von Cookies informiert werden und Cookies nur im Einzelfall erlauben, die Annahme von Cookies f\u00fcr bestimmte F\u00e4lle oder generell ausschlie\u00dfen sowie das automatische L\u00f6schen der Cookies beim Schlie\u00dfen des Browser aktivieren. Bei der Deaktivierung von Cookies kann die Funktionalit\u00e4t dieser Website eingeschr\u00e4nkt sein.<\/p><p style=\"margin-bottom: 10px; color: rgb(161, 166, 171); font-family: &quot;Open Sans&quot;, &quot;Helvetica Neue&quot;, Helvetica, Arial, sans-serif; font-size: 12px; font-style: normal; font-variant-ligatures: normal; font-variant-caps: normal; font-weight: 400;\">Cookies, die zur Durchf\u00fchrung des elektronischen Kommunikationsvorgangs oder zur Bereitstellung bestimmter, von Ihnen erw\u00fcnschter Funktionen (z.B. Warenkorbfunktion) erforderlich sind, werden auf Grundlage von Art. 6 Abs. 1 lit. f DSGVO gespeichert. Der Websitebetreiber hat ein berechtigtes Interesse an der Speicherung von Cookies zur technisch fehlerfreien und optimierten Bereitstellung seiner Dienste. Soweit andere Cookies (z.B. Cookies zur Analyse Ihres Surfverhaltens) gespeichert werden, werden diese in dieser Datenschutzerkl\u00e4rung gesondert behandelt.<\/p><p style=\"margin-bottom: 10px; color: rgb(161, 166, 171); font-family: &quot;Open Sans&quot;, &quot;Helvetica Neue&quot;, Helvetica, Arial, sans-serif; font-size: 12px; font-style: normal; font-variant-ligatures: normal; font-variant-caps: normal; font-weight: 400;\"><strong style=\"color: rgb(34, 34, 34);\">Server-Log-Dateien<\/strong><\/p><p style=\"margin-bottom: 10px; color: rgb(161, 166, 171); font-family: &quot;Open Sans&quot;, &quot;Helvetica Neue&quot;, Helvetica, Arial, sans-serif; font-size: 12px; font-style: normal; font-variant-ligatures: normal; font-variant-caps: normal; font-weight: 400;\">Der Provider der Seiten erhebt und speichert automatisch Informationen in so genannten Server-Log-Dateien, die Ihr Browser automatisch an uns \u00fcbermittelt. Dies sind:<\/p><ul style=\"margin-top: 0px; margin-bottom: 10px; margin-left: 25px; color: rgb(161, 166, 171); font-family: &quot;Open Sans&quot;, &quot;Helvetica Neue&quot;, Helvetica, Arial, sans-serif; font-size: 12px; font-style: normal; font-variant-ligatures: normal; font-variant-caps: normal; font-weight: 400;\"><br><li style=\"line-height: 20px;\">Browsertyp und Browserversion<\/li><br><li style=\"line-height: 20px;\">verwendetes Betriebssystem<\/li><br><li style=\"line-height: 20px;\">Referrer URL<\/li><br><li style=\"line-height: 20px;\">Hostname des zugreifenden Rechners<\/li><br><li style=\"line-height: 20px;\">Uhrzeit der Serveranfrage<\/li><br><li style=\"line-height: 20px;\">IP-Adresse<\/li><br>&nbsp;<\/ul><p style=\"margin-bottom: 10px; color: rgb(161, 166, 171); font-family: &quot;Open Sans&quot;, &quot;Helvetica Neue&quot;, Helvetica, Arial, sans-serif; font-size: 12px; font-style: normal; font-variant-ligatures: normal; font-variant-caps: normal; font-weight: 400;\">Eine Zusammenf\u00fchrung dieser Daten mit anderen Datenquellen wird nicht vorgenommen.<\/p><p style=\"margin-bottom: 10px; color: rgb(161, 166, 171); font-family: &quot;Open Sans&quot;, &quot;Helvetica Neue&quot;, Helvetica, Arial, sans-serif; font-size: 12px; font-style: normal; font-variant-ligatures: normal; font-variant-caps: normal; font-weight: 400;\">Grundlage f\u00fcr die Datenverarbeitung ist Art. 6 Abs. 1 lit. f DSGVO, der die Verarbeitung von Daten zur Erf\u00fcllung eines Vertrags oder vorvertraglicher Ma\u00dfnahmen gestattet.<\/p><p style=\"margin-bottom: 10px; color: rgb(161, 166, 171); font-family: &quot;Open Sans&quot;, &quot;Helvetica Neue&quot;, Helvetica, Arial, sans-serif; font-size: 12px; font-style: normal; font-variant-ligatures: normal; font-variant-caps: normal; font-weight: 400;\"><strong style=\"color: rgb(34, 34, 34);\">4. Plugins und Tools<\/strong><\/p><p style=\"margin-bottom: 10px; color: rgb(161, 166, 171); font-family: &quot;Open Sans&quot;, &quot;Helvetica Neue&quot;, Helvetica, Arial, sans-serif; font-size: 12px; font-style: normal; font-variant-ligatures: normal; font-variant-caps: normal; font-weight: 400;\"><strong style=\"color: rgb(34, 34, 34);\">Google Web Fonts<\/strong><\/p><p style=\"margin-bottom: 10px; color: rgb(161, 166, 171); font-family: &quot;Open Sans&quot;, &quot;Helvetica Neue&quot;, Helvetica, Arial, sans-serif; font-size: 12px; font-style: normal; font-variant-ligatures: normal; font-variant-caps: normal; font-weight: 400;\">Diese Seite nutzt zur einheitlichen Darstellung von Schriftarten so genannte Web Fonts, die von Google bereitgestellt werden. Beim Aufruf einer Seite l\u00e4dt Ihr Browser die ben\u00f6tigten Web Fonts in ihren Browsercache, um Texte und Schriftarten korrekt anzuzeigen.<\/p><p style=\"margin-bottom: 10px; color: rgb(161, 166, 171); font-family: &quot;Open Sans&quot;, &quot;Helvetica Neue&quot;, Helvetica, Arial, sans-serif; font-size: 12px; font-style: normal; font-variant-ligatures: normal; font-variant-caps: normal; font-weight: 400;\">Zu diesem Zweck muss der von Ihnen verwendete Browser Verbindung zu den Servern von Google aufnehmen. Hierdurch erlangt Google Kenntnis dar\u00fcber, dass \u00fcber Ihre IP-Adresse unsere Website aufgerufen wurde. Die Nutzung von Google Web Fonts erfolgt im Interesse einer einheitlichen und ansprechenden Darstellung unserer Online-Angebote. Dies stellt ein berechtigtes Interesse im Sinne von Art. 6 Abs. 1 lit. f DSGVO dar.<\/p><p style=\"margin-bottom: 10px; color: rgb(161, 166, 171); font-family: &quot;Open Sans&quot;, &quot;Helvetica Neue&quot;, Helvetica, Arial, sans-serif; font-size: 12px; font-style: normal; font-variant-ligatures: normal; font-variant-caps: normal; font-weight: 400;\">Wenn Ihr Browser Web Fonts nicht unterst\u00fctzt, wird eine Standardschrift von Ihrem Computer genutzt.<\/p><p style=\"margin-bottom: 10px; color: rgb(161, 166, 171); font-family: &quot;Open Sans&quot;, &quot;Helvetica Neue&quot;, Helvetica, Arial, sans-serif; font-size: 12px; font-style: normal; font-variant-ligatures: normal; font-variant-caps: normal; font-weight: 400;\">Weitere Informationen zu Google Web Fonts finden Sie unter&nbsp;<a href=\"https:\/\/web.archive.org\/web\/20240221184525\/https:\/\/developers.google.com\/fonts\/faq\" target=\"_blank\" style=\"color: rgb(29, 29, 27); outline-style: none !important;\">https:\/\/developers.google.com\/fonts\/faq<\/a>&nbsp;und in der Datenschutzerkl\u00e4rung von Google:<\/p>\t\t\t\t\t\t\t\t<\/div>\n\t\t\t\t\t<\/div>\n\t\t\t\t<\/div>\n\t\t\t\t<\/div>\n\t\t","protected":false},"excerpt":{"rendered":"<p>Die folgenden Hinweise geben einen einfachen \u00dcberblick dar\u00fcber, was mit Ihren personenbezogenen Daten passiert, wenn Sie unsere Website besuchen. Personenbezogene Daten sind alle Daten, mit denen Sie pers\u00f6nlich identifiziert werden k\u00f6nnen. Ausf\u00fchrliche Informationen zum Thema Datenschutz entnehmen Sie unserer unter diesem Text aufgef\u00fchrten Datenschutzerkl\u00e4rung. Datenerfassung auf unserer Website Wer ist verantwortlich f\u00fcr die Datenerfassung auf [&hellip;]<\/p>\n","protected":false},"author":1,"featured_media":0,"parent":0,"menu_order":0,"comment_status":"closed","ping_status":"open","template":"elementor_header_footer","meta":{"footnotes":""},"class_list":["post-3","page","type-page","status-publish","hentry","entry"],"_links":{"self":[{"href":"https:\/\/www.seiden-grohn.de\/index.php?rest_route=\/wp\/v2\/pages\/3","targetHints":{"allow":["GET"]}}],"collection":[{"href":"https:\/\/www.seiden-grohn.de\/index.php?rest_route=\/wp\/v2\/pages"}],"about":[{"href":"https:\/\/www.seiden-grohn.de\/index.php?rest_route=\/wp\/v2\/types\/page"}],"author":[{"embeddable":true,"href":"https:\/\/www.seiden-grohn.de\/index.php?rest_route=\/wp\/v2\/users\/1"}],"replies":[{"embeddable":true,"href":"https:\/\/www.seiden-grohn.de\/index.php?rest_route=%2Fwp%2Fv2%2Fcomments&post=3"}],"version-history":[{"count":7,"href":"https:\/\/www.seiden-grohn.de\/index.php?rest_route=\/wp\/v2\/pages\/3\/revisions"}],"predecessor-version":[{"id":97,"href":"https:\/\/www.seiden-grohn.de\/index.php?rest_route=\/wp\/v2\/pages\/3\/revisions\/97"}],"wp:attachment":[{"href":"https:\/\/www.seiden-grohn.de\/index.php?rest_route=%2Fwp%2Fv2%2Fmedia&parent=3"}],"curies":[{"name":"wp","href":"https:\/\/api.w.org\/{rel}","templated":true}]}}