{"id":20,"date":"2025-10-26T07:59:43","date_gmt":"2025-10-26T06:59:43","guid":{"rendered":"https:\/\/seiden-grohn.mpape\/?page_id=20"},"modified":"2025-11-13T15:56:38","modified_gmt":"2025-11-13T14:56:38","slug":"startseite","status":"publish","type":"page","link":"https:\/\/www.seiden-grohn.de\/","title":{"rendered":"Startseite"},"content":{"rendered":"\t\t<div data-elementor-type=\"wp-page\" data-elementor-id=\"20\" class=\"elementor elementor-20\">\n\t\t\t\t<div class=\"elementor-element elementor-element-5bc8028 e-flex e-con-boxed e-con e-parent\" data-id=\"5bc8028\" data-element_type=\"container\" data-e-type=\"container\">\n\t\t\t\t\t<div class=\"e-con-inner\">\n\t\t\t\t<div class=\"elementor-element elementor-element-9c2e77e elementor-widget elementor-widget-image\" data-id=\"9c2e77e\" data-element_type=\"widget\" data-e-type=\"widget\" data-widget_type=\"image.default\">\n\t\t\t\t\t\t\t\t\t\t\t\t\t\t\t<img fetchpriority=\"high\" decoding=\"async\" width=\"1015\" height=\"450\" src=\"https:\/\/www.seiden-grohn.de\/wp-content\/uploads\/2025\/11\/bn_145__bild1.jpg\" class=\"attachment-1536x1536 size-1536x1536 wp-image-27\" alt=\"SEIDEN-GROHN\" srcset=\"https:\/\/www.seiden-grohn.de\/wp-content\/uploads\/2025\/11\/bn_145__bild1.jpg 1015w, https:\/\/www.seiden-grohn.de\/wp-content\/uploads\/2025\/11\/bn_145__bild1-300x133.jpg 300w, https:\/\/www.seiden-grohn.de\/wp-content\/uploads\/2025\/11\/bn_145__bild1-768x340.jpg 768w\" sizes=\"(max-width: 1015px) 100vw, 1015px\" \/>\t\t\t\t\t\t\t\t\t\t\t\t\t\t\t<\/div>\n\t\t\t\t\t<\/div>\n\t\t\t\t<\/div>\n\t\t<div class=\"elementor-element elementor-element-9b12172 e-flex e-con-boxed e-con e-parent\" data-id=\"9b12172\" data-element_type=\"container\" data-e-type=\"container\">\n\t\t\t\t\t<div class=\"e-con-inner\">\n\t\t\t\t<div class=\"elementor-element elementor-element-e531e11 elementor-widget elementor-widget-heading\" data-id=\"e531e11\" data-element_type=\"widget\" data-e-type=\"widget\" data-widget_type=\"heading.default\">\n\t\t\t\t\t<h2 class=\"elementor-heading-title elementor-size-default\"><h1 style=\"margin-top: 5px;margin-bottom: 10px;, Helvetica, Arial, sans-serif;line-height: 40px;font-size: 1.5em;font-style: normal;text-align: center\">Ihr leistungsstarker Partner, wenn es um topaktuelle, modische Accessoires geht!<\/h1><div><br><\/div><\/h2>\t\t\t\t<\/div>\n\t\t\t\t\t<\/div>\n\t\t\t\t<\/div>\n\t\t<div class=\"elementor-element elementor-element-d408d7d e-flex e-con-boxed e-con e-parent\" data-id=\"d408d7d\" data-element_type=\"container\" data-e-type=\"container\">\n\t\t\t\t\t<div class=\"e-con-inner\">\n\t\t\t\t<div class=\"elementor-element elementor-element-daf89da elementor-widget elementor-widget-text-editor\" data-id=\"daf89da\" data-element_type=\"widget\" data-e-type=\"widget\" data-widget_type=\"text-editor.default\">\n\t\t\t\t\t\t\t\t\t<p>Wir beliefern den Einzelhandel mit unseren Eigenmarken SAMAYA, SAMAYAMAN und Hable &amp; Rospy.<\/p><p>Wir f\u00fchren ein Lager mit aktueller Saison- und NOS-Ware f\u00fcr den kurzfristigen Bedarf und nat\u00fcrlich auch mit Sonderposten, \u00dcberh\u00e4ngen aus vergangen Saisons oder Musterteilen.<\/p><p>Wir fertigen f\u00fcr Industriekunden und deren Marken. Wir produzieren Merchandising-, Werbeartikel und Give-Aways f\u00fcr Werbekampagnen unserer Kunden.<\/p><p>Das perfekte Zusammenspiel von Modegrad, Qualit\u00e4t und kommerzieller Preislage ist Basis unserer Arbeit, ist unsere St\u00e4rke.<\/p><p>Kennen Sie uns noch nicht? Nehmen Sie\u00a0<a href=\"http:\/\/www.seiden-grohn.de\/kontakt.html\">Kontakt<\/a>\u00a0zu uns auf\u00a0und testen Sie uns! Es kostet Sie lediglich ein Fax oder Anruf oder einfach nur etwas Zeit f\u00fcr eine Email.<\/p>\t\t\t\t\t\t\t\t<\/div>\n\t\t\t\t\t<\/div>\n\t\t\t\t<\/div>\n\t\t<div class=\"elementor-element elementor-element-52d753d e-flex e-con-boxed e-con e-parent\" data-id=\"52d753d\" data-element_type=\"container\" data-e-type=\"container\">\n\t\t\t\t\t<div class=\"e-con-inner\">\n\t\t\t\t<div class=\"elementor-element elementor-element-636fe69 elementor-widget elementor-widget-image\" data-id=\"636fe69\" data-element_type=\"widget\" data-e-type=\"widget\" data-widget_type=\"image.default\">\n\t\t\t\t\t\t\t\t\t\t\t\t\t\t\t<img decoding=\"async\" width=\"900\" height=\"100\" src=\"https:\/\/www.seiden-grohn.de\/wp-content\/uploads\/2025\/11\/logos.png\" class=\"attachment-large size-large wp-image-32\" alt=\"\" srcset=\"https:\/\/www.seiden-grohn.de\/wp-content\/uploads\/2025\/11\/logos.png 900w, https:\/\/www.seiden-grohn.de\/wp-content\/uploads\/2025\/11\/logos-300x33.png 300w, https:\/\/www.seiden-grohn.de\/wp-content\/uploads\/2025\/11\/logos-768x85.png 768w\" sizes=\"(max-width: 900px) 100vw, 900px\" \/>\t\t\t\t\t\t\t\t\t\t\t\t\t\t\t<\/div>\n\t\t\t\t\t<\/div>\n\t\t\t\t<\/div>\n\t\t\t\t<\/div>\n\t\t","protected":false},"excerpt":{"rendered":"<p>Ihr leistungsstarker Partner, wenn es um topaktuelle, modische Accessoires geht! Wir beliefern den Einzelhandel mit unseren Eigenmarken SAMAYA, SAMAYAMAN und Hable &amp; Rospy. Wir f\u00fchren ein Lager mit aktueller Saison- und NOS-Ware f\u00fcr den kurzfristigen Bedarf und nat\u00fcrlich auch mit Sonderposten, \u00dcberh\u00e4ngen aus vergangen Saisons oder Musterteilen. Wir fertigen f\u00fcr Industriekunden und deren Marken. Wir [&hellip;]<\/p>\n","protected":false},"author":1,"featured_media":0,"parent":0,"menu_order":0,"comment_status":"closed","ping_status":"closed","template":"elementor_header_footer","meta":{"footnotes":""},"class_list":["post-20","page","type-page","status-publish","hentry","entry"],"_links":{"self":[{"href":"https:\/\/www.seiden-grohn.de\/index.php?rest_route=\/wp\/v2\/pages\/20","targetHints":{"allow":["GET"]}}],"collection":[{"href":"https:\/\/www.seiden-grohn.de\/index.php?rest_route=\/wp\/v2\/pages"}],"about":[{"href":"https:\/\/www.seiden-grohn.de\/index.php?rest_route=\/wp\/v2\/types\/page"}],"author":[{"embeddable":true,"href":"https:\/\/www.seiden-grohn.de\/index.php?rest_route=\/wp\/v2\/users\/1"}],"replies":[{"embeddable":true,"href":"https:\/\/www.seiden-grohn.de\/index.php?rest_route=%2Fwp%2Fv2%2Fcomments&post=20"}],"version-history":[{"count":25,"href":"https:\/\/www.seiden-grohn.de\/index.php?rest_route=\/wp\/v2\/pages\/20\/revisions"}],"predecessor-version":[{"id":151,"href":"https:\/\/www.seiden-grohn.de\/index.php?rest_route=\/wp\/v2\/pages\/20\/revisions\/151"}],"wp:attachment":[{"href":"https:\/\/www.seiden-grohn.de\/index.php?rest_route=%2Fwp%2Fv2%2Fmedia&parent=20"}],"curies":[{"name":"wp","href":"https:\/\/api.w.org\/{rel}","templated":true}]}}