{"id":2,"date":"2025-10-25T07:48:02","date_gmt":"2025-10-25T05:48:02","guid":{"rendered":"https:\/\/seiden-grohn.mpape\/?page_id=2"},"modified":"2025-11-13T12:54:39","modified_gmt":"2025-11-13T11:54:39","slug":"beispiel-seite","status":"publish","type":"page","link":"https:\/\/www.seiden-grohn.de\/?page_id=2","title":{"rendered":"Impressum"},"content":{"rendered":"\t\t<div data-elementor-type=\"wp-page\" data-elementor-id=\"2\" class=\"elementor elementor-2\">\n\t\t\t\t<div class=\"elementor-element elementor-element-38433002 e-flex e-con-boxed e-con e-parent\" data-id=\"38433002\" data-element_type=\"container\" data-e-type=\"container\">\n\t\t\t\t\t<div class=\"e-con-inner\">\n\t\t\t\t<div class=\"elementor-element elementor-element-597a8405 elementor-widget elementor-widget-text-editor\" data-id=\"597a8405\" data-element_type=\"widget\" data-e-type=\"widget\" data-widget_type=\"text-editor.default\">\n\t\t\t\t\t\t\t\t\t<p style=\"margin-bottom: 10px; color: rgb(161, 166, 171); font-family: &quot;Open Sans&quot;, &quot;Helvetica Neue&quot;, Helvetica, Arial, sans-serif; font-size: 12px; font-style: normal; font-variant-ligatures: normal; font-variant-caps: normal; font-weight: 400;\"><span style=\"line-height: 20.8px;\">seiden-grohn.de<\/span>&nbsp;ist eine Domain der<\/p><p style=\"margin-bottom: 10px; color: rgb(161, 166, 171); font-family: &quot;Open Sans&quot;, &quot;Helvetica Neue&quot;, Helvetica, Arial, sans-serif; font-size: 12px; font-style: normal; font-variant-ligatures: normal; font-variant-caps: normal; font-weight: 400;\">Seiden-Grohn Accessoires GmbH &amp; Co. KG<br>Opelstr. 14<br>30916 Isernhagen<br>Tel:&nbsp; 0049 511 6960360<br>Fax: 0049 511 614646<br>E-mail: info@seiden-grohn.de<br>www.<span style=\"line-height: 20.8px;\">seiden-grohn.de<\/span><br>&nbsp;<br>Gesch\u00e4ftsf\u00fchrer: Marc Rosenmeyer<br>Komplement\u00e4rin: Grohn Asset GmbH&nbsp;&nbsp;&nbsp;&nbsp;&nbsp;&nbsp;&nbsp;&nbsp;&nbsp;&nbsp;&nbsp;&nbsp;&nbsp;&nbsp;&nbsp;&nbsp; &nbsp;<br>Handelsregister: HRA 200542<br>Amtsgericht Hannover<br>Gerichtsstand: Hannover<\/p><p style=\"margin-bottom: 10px; color: rgb(161, 166, 171); font-family: &quot;Open Sans&quot;, &quot;Helvetica Neue&quot;, Helvetica, Arial, sans-serif; font-size: 12px; font-style: normal; font-variant-ligatures: normal; font-variant-caps: normal; font-weight: 400;\">Verantwortlich gem\u00e4\u00df \u00a7 55 RStV:<br>Safak Hartmann<br>Seiden-Grohn Accessoires GmbH &amp; Co. KG<br>Opelstr. 14<br>30916 Isernhagen<\/p><p style=\"margin-bottom: 10px; color: rgb(161, 166, 171); font-family: &quot;Open Sans&quot;, &quot;Helvetica Neue&quot;, Helvetica, Arial, sans-serif; font-size: 12px; font-style: normal; font-variant-ligatures: normal; font-variant-caps: normal; font-weight: 400;\">UStID: DE 252430387<\/p>\t\t\t\t\t\t\t\t<\/div>\n\t\t\t\t\t<\/div>\n\t\t\t\t<\/div>\n\t\t\t\t<\/div>\n\t\t","protected":false},"excerpt":{"rendered":"<p>seiden-grohn.de&nbsp;ist eine Domain der Seiden-Grohn Accessoires GmbH &amp; Co. KGOpelstr. 1430916 IsernhagenTel:&nbsp; 0049 511 6960360Fax: 0049 511 614646E-mail: info@seiden-grohn.dewww.seiden-grohn.de&nbsp;Gesch\u00e4ftsf\u00fchrer: Marc RosenmeyerKomplement\u00e4rin: Grohn Asset GmbH&nbsp;&nbsp;&nbsp;&nbsp;&nbsp;&nbsp;&nbsp;&nbsp;&nbsp;&nbsp;&nbsp;&nbsp;&nbsp;&nbsp;&nbsp;&nbsp; &nbsp;Handelsregister: HRA 200542Amtsgericht HannoverGerichtsstand: Hannover Verantwortlich gem\u00e4\u00df \u00a7 55 RStV:Safak HartmannSeiden-Grohn Accessoires GmbH &amp; Co. KGOpelstr. 1430916 Isernhagen UStID: DE 252430387<\/p>\n","protected":false},"author":1,"featured_media":0,"parent":0,"menu_order":0,"comment_status":"closed","ping_status":"open","template":"elementor_header_footer","meta":{"footnotes":""},"class_list":["post-2","page","type-page","status-publish","hentry","entry"],"_links":{"self":[{"href":"https:\/\/www.seiden-grohn.de\/index.php?rest_route=\/wp\/v2\/pages\/2","targetHints":{"allow":["GET"]}}],"collection":[{"href":"https:\/\/www.seiden-grohn.de\/index.php?rest_route=\/wp\/v2\/pages"}],"about":[{"href":"https:\/\/www.seiden-grohn.de\/index.php?rest_route=\/wp\/v2\/types\/page"}],"author":[{"embeddable":true,"href":"https:\/\/www.seiden-grohn.de\/index.php?rest_route=\/wp\/v2\/users\/1"}],"replies":[{"embeddable":true,"href":"https:\/\/www.seiden-grohn.de\/index.php?rest_route=%2Fwp%2Fv2%2Fcomments&post=2"}],"version-history":[{"count":7,"href":"https:\/\/www.seiden-grohn.de\/index.php?rest_route=\/wp\/v2\/pages\/2\/revisions"}],"predecessor-version":[{"id":101,"href":"https:\/\/www.seiden-grohn.de\/index.php?rest_route=\/wp\/v2\/pages\/2\/revisions\/101"}],"wp:attachment":[{"href":"https:\/\/www.seiden-grohn.de\/index.php?rest_route=%2Fwp%2Fv2%2Fmedia&parent=2"}],"curies":[{"name":"wp","href":"https:\/\/api.w.org\/{rel}","templated":true}]}}